{"id":5313,"date":"2022-01-07T10:44:28","date_gmt":"2022-01-07T16:44:28","guid":{"rendered":"http:\/\/humux.com.mx\/?page_id=5313"},"modified":"2022-01-07T11:06:47","modified_gmt":"2022-01-07T17:06:47","slug":"politica-de-privacidad","status":"publish","type":"page","link":"https:\/\/humux.com.mx\/en\/politica-de-privacidad\/","title":{"rendered":"Pol\u00edtica de Privacidad"},"content":{"rendered":"\t\t<div data-elementor-type=\"wp-page\" data-elementor-id=\"5313\" class=\"elementor elementor-5313\" data-elementor-post-type=\"page\">\n\t\t\t\t\t\t<section class=\"elementor-section elementor-top-section elementor-element elementor-element-352e7e7 elementor-section-boxed elementor-section-height-default elementor-section-height-default\" data-id=\"352e7e7\" data-element_type=\"section\" data-e-type=\"section\" data-settings=\"{&quot;jet_parallax_layout_list&quot;:[{&quot;jet_parallax_layout_image&quot;:{&quot;url&quot;:&quot;&quot;,&quot;id&quot;:&quot;&quot;,&quot;size&quot;:&quot;&quot;},&quot;_id&quot;:&quot;f9daa7d&quot;,&quot;jet_parallax_layout_image_tablet&quot;:{&quot;url&quot;:&quot;&quot;,&quot;id&quot;:&quot;&quot;,&quot;size&quot;:&quot;&quot;},&quot;jet_parallax_layout_image_mobile&quot;:{&quot;url&quot;:&quot;&quot;,&quot;id&quot;:&quot;&quot;,&quot;size&quot;:&quot;&quot;},&quot;jet_parallax_layout_speed&quot;:{&quot;unit&quot;:&quot;%&quot;,&quot;size&quot;:50,&quot;sizes&quot;:[]},&quot;jet_parallax_layout_type&quot;:&quot;scroll&quot;,&quot;jet_parallax_layout_direction&quot;:null,&quot;jet_parallax_layout_fx_direction&quot;:null,&quot;jet_parallax_layout_z_index&quot;:&quot;&quot;,&quot;jet_parallax_layout_bg_x&quot;:50,&quot;jet_parallax_layout_bg_x_tablet&quot;:&quot;&quot;,&quot;jet_parallax_layout_bg_x_mobile&quot;:&quot;&quot;,&quot;jet_parallax_layout_bg_y&quot;:50,&quot;jet_parallax_layout_bg_y_tablet&quot;:&quot;&quot;,&quot;jet_parallax_layout_bg_y_mobile&quot;:&quot;&quot;,&quot;jet_parallax_layout_bg_size&quot;:&quot;auto&quot;,&quot;jet_parallax_layout_bg_size_tablet&quot;:&quot;&quot;,&quot;jet_parallax_layout_bg_size_mobile&quot;:&quot;&quot;,&quot;jet_parallax_layout_animation_prop&quot;:&quot;transform&quot;,&quot;jet_parallax_layout_on&quot;:[&quot;desktop&quot;,&quot;tablet&quot;]}]}\">\n\t\t\t\t\t\t<div class=\"elementor-container elementor-column-gap-default\">\n\t\t\t\t\t<div class=\"elementor-column elementor-col-100 elementor-top-column elementor-element elementor-element-d7ebb4d\" data-id=\"d7ebb4d\" data-element_type=\"column\" data-e-type=\"column\">\n\t\t\t<div class=\"elementor-widget-wrap elementor-element-populated\">\n\t\t\t\t\t\t<div class=\"elementor-element elementor-element-3bac27b elementor-widget elementor-widget-text-editor\" data-id=\"3bac27b\" data-element_type=\"widget\" data-e-type=\"widget\" data-widget_type=\"text-editor.default\">\n\t\t\t\t<div class=\"elementor-widget-container\">\n\t\t\t\t\t\t\t\t\t<h4><span style=\"color: var(--ast-global-color-2); font-size: 1.33333rem; font-style: inherit; background-color: var(--ast-global-color-4);\">Responsable \u2013 \u00bfQui\u00e9n es el responsable del tratamiento de los datos?<\/span><\/h4>\n<p><strong>Identidad:<\/strong>&nbsp;&nbsp;<span style=\"font-weight: bold;\"><u>Humux<\/u>&nbsp;<\/span><br><strong>Domicilio social:<\/strong>&nbsp;&nbsp;<span style=\"font-weight: bold;\"><u><\/u>&nbsp;<\/span><br><strong>Tel\u00e9fono:<\/strong>&nbsp;&nbsp;<span style=\"font-weight: bold;\"><u>(871) 568 2232<\/u>&nbsp;<\/span><br><strong>Correo Electr\u00f3nico:<\/strong>&nbsp;&nbsp;<span style=\"font-weight: bold;\"><u>contacto@humux.com.mx<\/u><\/span><br><strong>Contacto:<\/strong>&nbsp;&nbsp;<span style=\"font-weight: bold;\"><u>Humux<\/u>&nbsp;<\/span><br><strong>Nombre del dominio:<\/strong>&nbsp;<span style=\"background-color: var(--ast-global-color-5); color: var(--ast-global-color-3); font-size: 1rem;\">&nbsp;<\/span><span style=\"background-color: var(--ast-global-color-5); color: var(--ast-global-color-3); font-size: 1rem; font-weight: bold;\"><u>humux.com.mx<\/u><\/span><\/p>\n<h5>Finalidades \u2013 \u00bfcon qu\u00e9 finalidades tratamos tus datos?<\/h5>\n<p>En cumplimiento de lo dispuesto en: la Ley Federal de Protecci\u00f3n de Datos Personales en Posesi\u00f3n de los Particulares (\u201cLey de Protecci\u00f3n de Datos\u201d) DOF 05-07-2010. Te informamos de que trataremos los datos que nos facilitas para:<\/p>\n<ul>\n<li>Gestionar la contrataci\u00f3n de servicios que realice a trav\u00e9s de la Plataforma, as\u00ed como la facturaci\u00f3n y entrega correspondiente.<\/li>\n<li>Remitir peri\u00f3dicamente comunicaciones sobre servicios, eventos y noticias relacionadas con las actividades desarrolladas por <b><u>humux.com.mx<\/u><\/b>, por cualquier medio (tel\u00e9fono, correo postal o email), salvo que se indique lo contrario o el usuario se oponga o revoque su consentimiento.<\/li>\n<li>Remitir informaci\u00f3n comercial y \/ o promocional relacionada con el sector de servicios contratados y valor a\u00f1adido para usuarios finales, salvo que se indique lo contrario o el usuario se oponga o revoque su consentimiento.<\/li>\n<li>Dar cumplimiento a las obligaciones legalmente establecidas, as\u00ed como verificar el cumplimiento de las obligaciones contractuales, inclu\u00eda la prevenci\u00f3n de fraude.<\/li>\n<li>Cesi\u00f3n de datos a organismos y autoridades, siempre y cuando sean requeridos de conformidad con las disposiciones legales y reglamentarias.<\/li>\n<\/ul>\n<h5>Categor\u00edas de datos \u2013 \u00bfQu\u00e9 datos tratamos?<\/h5>\n<p>Derivada de las finalidades antes mencionadas, en <b><u>humux.com.mx<\/u><\/b>&nbsp;gestionamos las siguientes categor\u00edas de datos:<\/p>\n<ul>\n<li>Datos identificativos<\/li>\n<li>Metadatos de comunicaciones electr\u00f3nicas<\/li>\n<li>Datos de informaci\u00f3n comercial. En caso de que el usuario facilite datos de terceros, manifiesta contar con el consentimiento de estos y se compromete a trasladarle la informaci\u00f3n contenida en esta cl\u00e1usula, eximiendo a&nbsp;<span style=\"font-weight: 700;\"><u>humux.com.mx<\/u><\/span>&nbsp;de cualquier responsabilidad en este sentido.<\/li>\n<li>No obstante,&nbsp;<span style=\"font-weight: 700;\"><u>humux.com.mx<\/u><\/span>&nbsp;podr\u00e1 llevar a cabo las verificaciones para constatar este hecho, adoptando las medidas de diligencia debida que correspondan, conforme a la normativa de protecci\u00f3n de datos.<\/li>\n<\/ul>\n<h5>Legitimaci\u00f3n \u2013 \u00bfCu\u00e1l es la legitimaci\u00f3n para el tratamiento de tus datos?<\/h5>\n<p>El tratamiento de datos cuyo fin es el env\u00edo de boletines peri\u00f3dicos (newslettering) sobre servicios, eventos y noticias relacionadas con nuestra actividad profesional se basa en el consentimiento del interesado, solicitado expresamente para llevar a cabo dichos tratamientos, de acuerdo con la normativa vigente.<\/p><p>Adem\u00e1s, la legitimaci\u00f3n para el tratamiento de los datos relacionados con ofertas o colaboraciones se basan en el consentimiento del usuario que remite sus datos, que puede retirar en cualquier momento, si bien ello puede afectar a la posible comunicaci\u00f3n de forma fluida y obstrucci\u00f3n de procesos que desea realizar.<\/p><p>Por \u00faltimo, los datos se podr\u00e1n utilizar para dar cumplimiento a las obligaciones legales aplicables a&nbsp;<u style=\"font-weight: 700; background-color: var(--ast-global-color-5); color: var(--ast-global-color-3); font-size: 1rem;\">humux.com.mx<\/u><\/p>\n<h5>Plazo de Conservaci\u00f3n de los Datos \u2013 \u00bfPor cu\u00e1nto tiempo conservaremos tus datos?<\/h5>\n<p><strong>urman.mx<\/strong> conservar\u00e1 los datos personales de los usuarios \u00fanicamente durante el tiempo necesario para la realizaci\u00f3n de las finalidades para las que fueron recogidos, mientras no revoque los consentimientos otorgados. Posteriormente, en caso de ser necesario, mantendr\u00e1 la informaci\u00f3n bloqueada durante los plazos legalmente establecidos.<\/p>\n<h5>Destinatarios \u00bfA qu\u00e9 destinatarios se comunicar\u00e1n tus datos?<\/h5>\n<p>Tus datos podr\u00e1n ser accedidos por aquellos proveedores que prestan servicios a&nbsp;<span style=\"font-weight: 700;\"><u>humux.com.mx<\/u><\/span>, tales como servicios de alojamiento, herramientas de marketing y sistemas de contenido u otros profesionales, cuando dicha comunicaci\u00f3n sea necesaria normativamente, o para la ejecuci\u00f3n de los servicios contratados.<\/p>\n<p><u style=\"font-weight: 700; background-color: var(--ast-global-color-5); color: var(--ast-global-color-3); font-size: 1rem;\">humux.com.mx<\/u>, ha suscrito los correspondientes contratos de encargo de tratamiento con cada uno de los proveedores que prestan servicios a&nbsp;<span style=\"font-weight: 700;\"><u>humux.com.mx<\/u><\/span>, con el objetivo de garantizar que dichos proveedores tratar\u00e1n tus datos de conformidad con lo establecido en la legislaci\u00f3n vigente.<\/p>\n<p>Tambi\u00e9n podr\u00e1n ser cedidos a las Fuerzas y Cuerpos de Seguridad del Estado en los casos que exista una obligaci\u00f3n legal.<\/p>\n<p>Bancos y entidades financieras, para el cobro de los servicios.<br>Administraciones p\u00fablicas con competencia en los sectores de actividad, cuando as\u00ed lo establezca la normativa vigente.<\/p>\n<h5>Seguridad de la Informaci\u00f3n \u2013 \u00bfQu\u00e9 medidas de seguridad implantamos para cuidar sus datos?<\/h5>\n<p>Para proteger las diferentes tipolog\u00edas de datos reflejados en esta pol\u00edtica de privacidad llevar\u00e1 a cabo las medidas de seguridad t\u00e9cnicas necesarias para evitar su p\u00e9rdida, manipulaci\u00f3n, difusi\u00f3n o alteraci\u00f3n.<\/p>\n<ul>\n<li>Encriptaci\u00f3n de las comunicaciones entre el dispositivo del usuario y los servidores de&nbsp;<span style=\"font-weight: 700;\"><u>humux.com.mx<\/u><\/span><\/li>\n<li>Encriptaci\u00f3n de la informaci\u00f3n en los propios servidores de&nbsp;<span style=\"font-weight: 700;\"><u>humux.com.mx<\/u><\/span><\/li>\n<li>Otras medidas que eviten el acceso a los datos del usuario por parte de terceros.<\/li>\n<li>En aquellos casos en los que&nbsp;<span style=\"font-weight: 700;\"><u>humux.com.mx<\/u><\/span>&nbsp;cuente con prestadores de servicio para el mantenimiento de la plataforma que se encuentren fuera de la Uni\u00f3n Europea, estas trasferencias internacionales se hayan regularizadas atendiendo al compromiso de&nbsp;<strong><u>humux.com.mx<\/u>&nbsp;<\/strong>con la protecci\u00f3n, integridad y seguridad de los datos personales de los usuarios.<\/li>\n<\/ul>\n<h5>Derechos \u2013 \u00bfCu\u00e1les son tus derechos cuando nos facilitas tus datos y c\u00f3mo puedes ejercerlos?<\/h5>\n<p>Tienes derecho a obtener confirmaci\u00f3n sobre si en&nbsp;<span style=\"font-weight: 700;\"><u>humux.com.mx<\/u><\/span><strong>&nbsp;<\/strong>estamos tratando datos personales que te conciernan, o no.<br>Asimismo, tienes derecho a acceder a tus datos personales, as\u00ed como a solicitar la rectificaci\u00f3n de los datos inexactos o, en su caso, solicitar su supresi\u00f3n cuando, entre otros motivos, los datos ya no sean necesarios para los fines que fueron recogidos.<\/p>\n<p>En determinadas circunstancias, podr\u00e1s solicitar la limitaci\u00f3n del tratamiento de tus datos, en cuyo caso \u00fanicamente los conservaremos para el ejercicio o la defensa de reclamaciones.<br>En determinadas circunstancias y por motivos relacionados con tu situaci\u00f3n particular, podr\u00e1s oponerte al tratamiento de tus datos.&nbsp;<span style=\"font-weight: 700;\"><u>humux.com.mx<\/u><\/span>&nbsp;dejar\u00e1 de tratar los datos, salvo por motivos leg\u00edtimos imperiosos, o el ejercicio o la defensa de posibles reclamaciones.<\/p>\n<p>Asimismo, puedes ejercer el derecho a la portabilidad de los datos, as\u00ed como retirar los consentimientos facilitados en cualquier momento, sin que ello afecte a la licitud del tratamiento basado en el consentimiento previo a su retirada.<\/p>\n<p>Si deseas hacer uso de cualquiera de tus derechos puede dirigirse a&nbsp;<span style=\"font-weight: 700;\"><u>contacto@humux.com.mx<\/u><\/span>&nbsp;<\/p>\n<h5>Modificaci\u00f3n de la pol\u00edtica de privacidad<\/h5>\n<p><u style=\"font-weight: 700; background-color: var(--ast-global-color-5); color: var(--ast-global-color-3); font-size: 1rem;\">humux.com.mx&nbsp;<\/u>podr\u00e1 modificar la presente Pol\u00edtica de Privacidad en cualquier momento, siendo publicadas las sucesivas versiones en el Sitio Web. En cualquier caso,&nbsp;<span style=\"font-weight: 700;\"><u>humux.com.mx<\/u><\/span>&nbsp;comunicar\u00e1 con previo aviso las modificaciones de la presente pol\u00edtica que afecten a los usuarios a fin de que puedan aceptar las mismas.<\/p>\n<p>La presente Pol\u00edtica de Privacidad se encuentra actualizada a fecha 18\/10\/2021&nbsp;<span style=\"font-weight: 700;\"><u>humux.com.mx<\/u><\/span>&nbsp;(M\u00e9xico). Reservados todos los derechos.<\/p>\n<p>Si lo deseas tambi\u00e9n puedes consultar nuestra&nbsp;<strong><a href=\"\/cookies\/\">Pol\u00edtica de Cookies<\/a><\/strong><\/p>\n<p><!-- \/wp:paragraph --><\/p>\t\t\t\t\t\t\t\t<\/div>\n\t\t\t\t<\/div>\n\t\t\t\t\t<\/div>\n\t\t<\/div>\n\t\t\t\t\t<\/div>\n\t\t<\/section>\n\t\t\t\t<\/div>\n\t\t","protected":false},"excerpt":{"rendered":"<p>Responsable \u2013 \u00bfQui\u00e9n es el responsable del tratamiento de los datos? Identidad:&nbsp;&nbsp;&nbsp;Domicilio social:&nbsp;&nbsp;&nbsp;Tel\u00e9fono:&nbsp;&nbsp;&nbsp;Correo Electr\u00f3nico:&nbsp;&nbsp;Contacto:&nbsp;&nbsp;&nbsp;Nombre del dominio:&nbsp;&nbsp; Finalidades \u2013 \u00bfcon qu\u00e9 finalidades tratamos tus datos? En cumplimiento de lo dispuesto en: la Ley Federal de Protecci\u00f3n de Datos Personales en Posesi\u00f3n de los Particulares (\u201cLey de Protecci\u00f3n de Datos\u201d) DOF 05-07-2010. Te informamos de que trataremos [&hellip;]<\/p>\n","protected":false},"author":1,"featured_media":0,"parent":0,"menu_order":0,"comment_status":"closed","ping_status":"closed","template":"","meta":{"site-sidebar-layout":"no-sidebar","site-content-layout":"page-builder","ast-site-content-layout":"default","site-content-style":"default","site-sidebar-style":"default","ast-global-header-display":"","ast-banner-title-visibility":"","ast-main-header-display":"","ast-hfb-above-header-display":"","ast-hfb-below-header-display":"","ast-hfb-mobile-header-display":"","site-post-title":"disabled","ast-breadcrumbs-content":"","ast-featured-img":"disabled","footer-sml-layout":"","ast-disable-related-posts":"","theme-transparent-header-meta":"","adv-header-id-meta":"","stick-header-meta":"","header-above-stick-meta":"","header-main-stick-meta":"","header-below-stick-meta":"","astra-migrate-meta-layouts":"default","ast-page-background-enabled":"default","ast-page-background-meta":{"desktop":{"background-color":"","background-image":"","background-repeat":"repeat","background-position":"center center","background-size":"auto","background-attachment":"scroll","background-type":"","background-media":"","overlay-type":"","overlay-color":"","overlay-opacity":"","overlay-gradient":""},"tablet":{"background-color":"","background-image":"","background-repeat":"repeat","background-position":"center center","background-size":"auto","background-attachment":"scroll","background-type":"","background-media":"","overlay-type":"","overlay-color":"","overlay-opacity":"","overlay-gradient":""},"mobile":{"background-color":"","background-image":"","background-repeat":"repeat","background-position":"center center","background-size":"auto","background-attachment":"scroll","background-type":"","background-media":"","overlay-type":"","overlay-color":"","overlay-opacity":"","overlay-gradient":""}},"ast-content-background-meta":{"desktop":{"background-color":"var(--ast-global-color-5)","background-image":"","background-repeat":"repeat","background-position":"center center","background-size":"auto","background-attachment":"scroll","background-type":"","background-media":"","overlay-type":"","overlay-color":"","overlay-opacity":"","overlay-gradient":""},"tablet":{"background-color":"var(--ast-global-color-5)","background-image":"","background-repeat":"repeat","background-position":"center center","background-size":"auto","background-attachment":"scroll","background-type":"","background-media":"","overlay-type":"","overlay-color":"","overlay-opacity":"","overlay-gradient":""},"mobile":{"background-color":"var(--ast-global-color-5)","background-image":"","background-repeat":"repeat","background-position":"center center","background-size":"auto","background-attachment":"scroll","background-type":"","background-media":"","overlay-type":"","overlay-color":"","overlay-opacity":"","overlay-gradient":""}},"footnotes":""},"class_list":["post-5313","page","type-page","status-publish","hentry"],"yoast_head":"<!-- This site is optimized with the Yoast SEO plugin v27.5 - https:\/\/yoast.com\/product\/yoast-seo-wordpress\/ -->\n<title>Pol\u00edtica de Privacidad - Humux<\/title>\n<meta name=\"robots\" content=\"index, follow, max-snippet:-1, max-image-preview:large, max-video-preview:-1\" \/>\n<link rel=\"canonical\" href=\"https:\/\/humux.com.mx\/en\/politica-de-privacidad\/\" \/>\n<meta property=\"og:locale\" content=\"en_US\" \/>\n<meta property=\"og:type\" content=\"article\" \/>\n<meta property=\"og:title\" content=\"Pol\u00edtica de Privacidad - Humux\" \/>\n<meta property=\"og:description\" content=\"Responsable \u2013 \u00bfQui\u00e9n es el responsable del tratamiento de los datos? Identidad:&nbsp;&nbsp;&nbsp;Domicilio social:&nbsp;&nbsp;&nbsp;Tel\u00e9fono:&nbsp;&nbsp;&nbsp;Correo Electr\u00f3nico:&nbsp;&nbsp;Contacto:&nbsp;&nbsp;&nbsp;Nombre del dominio:&nbsp;&nbsp; Finalidades \u2013 \u00bfcon qu\u00e9 finalidades tratamos tus datos? En cumplimiento de lo dispuesto en: la Ley Federal de Protecci\u00f3n de Datos Personales en Posesi\u00f3n de los Particulares (\u201cLey de Protecci\u00f3n de Datos\u201d) DOF 05-07-2010. Te informamos de que trataremos [&hellip;]\" \/>\n<meta property=\"og:url\" content=\"https:\/\/humux.com.mx\/en\/politica-de-privacidad\/\" \/>\n<meta property=\"og:site_name\" content=\"Humux\" \/>\n<meta property=\"article:modified_time\" content=\"2022-01-07T17:06:47+00:00\" \/>\n<meta name=\"twitter:card\" content=\"summary_large_image\" \/>\n<meta name=\"twitter:label1\" content=\"Est. reading time\" \/>\n\t<meta name=\"twitter:data1\" content=\"5 minutes\" \/>\n<script type=\"application\/ld+json\" class=\"yoast-schema-graph\">{\"@context\":\"https:\\\/\\\/schema.org\",\"@graph\":[{\"@type\":\"WebPage\",\"@id\":\"https:\\\/\\\/humux.com.mx\\\/politica-de-privacidad\\\/\",\"url\":\"https:\\\/\\\/humux.com.mx\\\/politica-de-privacidad\\\/\",\"name\":\"Pol\u00edtica de Privacidad - Humux\",\"isPartOf\":{\"@id\":\"https:\\\/\\\/humux.com.mx\\\/#website\"},\"datePublished\":\"2022-01-07T16:44:28+00:00\",\"dateModified\":\"2022-01-07T17:06:47+00:00\",\"breadcrumb\":{\"@id\":\"https:\\\/\\\/humux.com.mx\\\/politica-de-privacidad\\\/#breadcrumb\"},\"inLanguage\":\"en-US\",\"potentialAction\":[{\"@type\":\"ReadAction\",\"target\":[\"https:\\\/\\\/humux.com.mx\\\/politica-de-privacidad\\\/\"]}]},{\"@type\":\"BreadcrumbList\",\"@id\":\"https:\\\/\\\/humux.com.mx\\\/politica-de-privacidad\\\/#breadcrumb\",\"itemListElement\":[{\"@type\":\"ListItem\",\"position\":1,\"name\":\"Inicio\",\"item\":\"https:\\\/\\\/humux.com.mx\\\/\"},{\"@type\":\"ListItem\",\"position\":2,\"name\":\"Pol\u00edtica de Privacidad\"}]},{\"@type\":\"WebSite\",\"@id\":\"https:\\\/\\\/humux.com.mx\\\/#website\",\"url\":\"https:\\\/\\\/humux.com.mx\\\/\",\"name\":\"Humux\",\"description\":\"Extractos que dan vida\",\"publisher\":{\"@id\":\"https:\\\/\\\/humux.com.mx\\\/#organization\"},\"potentialAction\":[{\"@type\":\"SearchAction\",\"target\":{\"@type\":\"EntryPoint\",\"urlTemplate\":\"https:\\\/\\\/humux.com.mx\\\/?s={search_term_string}\"},\"query-input\":{\"@type\":\"PropertyValueSpecification\",\"valueRequired\":true,\"valueName\":\"search_term_string\"}}],\"inLanguage\":\"en-US\"},{\"@type\":\"Organization\",\"@id\":\"https:\\\/\\\/humux.com.mx\\\/#organization\",\"name\":\"Humux\",\"url\":\"https:\\\/\\\/humux.com.mx\\\/\",\"logo\":{\"@type\":\"ImageObject\",\"inLanguage\":\"en-US\",\"@id\":\"https:\\\/\\\/humux.com.mx\\\/#\\\/schema\\\/logo\\\/image\\\/\",\"url\":\"https:\\\/\\\/humux.com.mx\\\/wp-content\\\/uploads\\\/2021\\\/12\\\/1.png\",\"contentUrl\":\"https:\\\/\\\/humux.com.mx\\\/wp-content\\\/uploads\\\/2021\\\/12\\\/1.png\",\"width\":792,\"height\":612,\"caption\":\"Humux\"},\"image\":{\"@id\":\"https:\\\/\\\/humux.com.mx\\\/#\\\/schema\\\/logo\\\/image\\\/\"}}]}<\/script>\n<!-- \/ Yoast SEO plugin. -->","yoast_head_json":{"title":"Pol\u00edtica de Privacidad - Humux","robots":{"index":"index","follow":"follow","max-snippet":"max-snippet:-1","max-image-preview":"max-image-preview:large","max-video-preview":"max-video-preview:-1"},"canonical":"https:\/\/humux.com.mx\/en\/politica-de-privacidad\/","og_locale":"en_US","og_type":"article","og_title":"Pol\u00edtica de Privacidad - Humux","og_description":"Responsable \u2013 \u00bfQui\u00e9n es el responsable del tratamiento de los datos? Identidad:&nbsp;&nbsp;&nbsp;Domicilio social:&nbsp;&nbsp;&nbsp;Tel\u00e9fono:&nbsp;&nbsp;&nbsp;Correo Electr\u00f3nico:&nbsp;&nbsp;Contacto:&nbsp;&nbsp;&nbsp;Nombre del dominio:&nbsp;&nbsp; Finalidades \u2013 \u00bfcon qu\u00e9 finalidades tratamos tus datos? En cumplimiento de lo dispuesto en: la Ley Federal de Protecci\u00f3n de Datos Personales en Posesi\u00f3n de los Particulares (\u201cLey de Protecci\u00f3n de Datos\u201d) DOF 05-07-2010. Te informamos de que trataremos [&hellip;]","og_url":"https:\/\/humux.com.mx\/en\/politica-de-privacidad\/","og_site_name":"Humux","article_modified_time":"2022-01-07T17:06:47+00:00","twitter_card":"summary_large_image","twitter_misc":{"Est. reading time":"5 minutes"},"schema":{"@context":"https:\/\/schema.org","@graph":[{"@type":"WebPage","@id":"https:\/\/humux.com.mx\/politica-de-privacidad\/","url":"https:\/\/humux.com.mx\/politica-de-privacidad\/","name":"Pol\u00edtica de Privacidad - Humux","isPartOf":{"@id":"https:\/\/humux.com.mx\/#website"},"datePublished":"2022-01-07T16:44:28+00:00","dateModified":"2022-01-07T17:06:47+00:00","breadcrumb":{"@id":"https:\/\/humux.com.mx\/politica-de-privacidad\/#breadcrumb"},"inLanguage":"en-US","potentialAction":[{"@type":"ReadAction","target":["https:\/\/humux.com.mx\/politica-de-privacidad\/"]}]},{"@type":"BreadcrumbList","@id":"https:\/\/humux.com.mx\/politica-de-privacidad\/#breadcrumb","itemListElement":[{"@type":"ListItem","position":1,"name":"Inicio","item":"https:\/\/humux.com.mx\/"},{"@type":"ListItem","position":2,"name":"Pol\u00edtica de Privacidad"}]},{"@type":"WebSite","@id":"https:\/\/humux.com.mx\/#website","url":"https:\/\/humux.com.mx\/","name":"Humux","description":"Extractos que dan vida","publisher":{"@id":"https:\/\/humux.com.mx\/#organization"},"potentialAction":[{"@type":"SearchAction","target":{"@type":"EntryPoint","urlTemplate":"https:\/\/humux.com.mx\/?s={search_term_string}"},"query-input":{"@type":"PropertyValueSpecification","valueRequired":true,"valueName":"search_term_string"}}],"inLanguage":"en-US"},{"@type":"Organization","@id":"https:\/\/humux.com.mx\/#organization","name":"Humux","url":"https:\/\/humux.com.mx\/","logo":{"@type":"ImageObject","inLanguage":"en-US","@id":"https:\/\/humux.com.mx\/#\/schema\/logo\/image\/","url":"https:\/\/humux.com.mx\/wp-content\/uploads\/2021\/12\/1.png","contentUrl":"https:\/\/humux.com.mx\/wp-content\/uploads\/2021\/12\/1.png","width":792,"height":612,"caption":"Humux"},"image":{"@id":"https:\/\/humux.com.mx\/#\/schema\/logo\/image\/"}}]}},"_links":{"self":[{"href":"https:\/\/humux.com.mx\/en\/wp-json\/wp\/v2\/pages\/5313","targetHints":{"allow":["GET"]}}],"collection":[{"href":"https:\/\/humux.com.mx\/en\/wp-json\/wp\/v2\/pages"}],"about":[{"href":"https:\/\/humux.com.mx\/en\/wp-json\/wp\/v2\/types\/page"}],"author":[{"embeddable":true,"href":"https:\/\/humux.com.mx\/en\/wp-json\/wp\/v2\/users\/1"}],"replies":[{"embeddable":true,"href":"https:\/\/humux.com.mx\/en\/wp-json\/wp\/v2\/comments?post=5313"}],"version-history":[{"count":10,"href":"https:\/\/humux.com.mx\/en\/wp-json\/wp\/v2\/pages\/5313\/revisions"}],"predecessor-version":[{"id":5364,"href":"https:\/\/humux.com.mx\/en\/wp-json\/wp\/v2\/pages\/5313\/revisions\/5364"}],"wp:attachment":[{"href":"https:\/\/humux.com.mx\/en\/wp-json\/wp\/v2\/media?parent=5313"}],"curies":[{"name":"wp","href":"https:\/\/api.w.org\/{rel}","templated":true}]}}